{"id":4758,"date":"2022-03-14T09:35:53","date_gmt":"2022-03-14T07:35:53","guid":{"rendered":"https:\/\/online.rocs.eu\/catalog\/product\/zobu-birste-r-o-c-s-baby-neon-miksta\/"},"modified":"2025-05-17T14:44:59","modified_gmt":"2025-05-17T12:44:59","slug":"zobu-birste-r-o-c-s-baby-neon-miksta","status":"publish","type":"product","link":"https:\/\/online.rocs.eu\/lv\/catalog\/product\/zobu-birste-r-o-c-s-baby-neon-miksta\/","title":{"rendered":"Zobu birste R.O.C.S.\u00ae Baby Neon m\u012bksta"},"content":{"rendered":"<p>Zobu birste R.O.C.S.\u00ae Baby Neon b\u0113rniem no 0 l\u012bdz 3 gadiem, m\u012bksta<\/p>\n","protected":false},"excerpt":{"rendered":"<p>Zobu birste R.O.C.S.\u00ae Baby Neon b\u0113rniem no 0 l\u012bdz 3 gadiem, m\u012bksta<\/p>\n","protected":false},"featured_media":37967,"template":"","meta":{"_et_pb_use_builder":"","_et_pb_old_content":"","_et_gb_content_width":""},"product_brand":[],"product_cat":[416],"product_tag":[],"class_list":{"0":"post-4758","1":"product","2":"type-product","3":"status-publish","4":"has-post-thumbnail","6":"product_cat-zobu-sukas-berniem","8":"first","9":"instock","10":"taxable","11":"shipping-taxable","12":"purchasable","13":"product-type-simple"},"_links":{"self":[{"href":"https:\/\/online.rocs.eu\/lv\/wp-json\/wp\/v2\/product\/4758","targetHints":{"allow":["GET"]}}],"collection":[{"href":"https:\/\/online.rocs.eu\/lv\/wp-json\/wp\/v2\/product"}],"about":[{"href":"https:\/\/online.rocs.eu\/lv\/wp-json\/wp\/v2\/types\/product"}],"wp:featuredmedia":[{"embeddable":true,"href":"https:\/\/online.rocs.eu\/lv\/wp-json\/wp\/v2\/media\/37967"}],"wp:attachment":[{"href":"https:\/\/online.rocs.eu\/lv\/wp-json\/wp\/v2\/media?parent=4758"}],"wp:term":[{"taxonomy":"product_brand","embeddable":true,"href":"https:\/\/online.rocs.eu\/lv\/wp-json\/wp\/v2\/product_brand?post=4758"},{"taxonomy":"product_cat","embeddable":true,"href":"https:\/\/online.rocs.eu\/lv\/wp-json\/wp\/v2\/product_cat?post=4758"},{"taxonomy":"product_tag","embeddable":true,"href":"https:\/\/online.rocs.eu\/lv\/wp-json\/wp\/v2\/product_tag?post=4758"}],"curies":[{"name":"wp","href":"https:\/\/api.w.org\/{rel}","templated":true}]}}