{"id":4766,"date":"2022-03-14T08:30:18","date_gmt":"2022-03-14T06:30:18","guid":{"rendered":"https:\/\/online.rocs.eu\/catalog\/product\/zobu-birste-r-o-c-s-sensitive-miksta\/"},"modified":"2025-12-27T00:55:20","modified_gmt":"2025-12-26T22:55:20","slug":"zobu-birste-r-o-c-s-sensitive-miksta","status":"publish","type":"product","link":"https:\/\/online.rocs.eu\/lv\/catalog\/product\/zobu-birste-r-o-c-s-sensitive-miksta\/","title":{"rendered":"Zobu birste R.O.C.S.\u00ae Sensitive m\u012bksta"},"content":{"rendered":"<p>Zobu birste R.O.C.S.\u00ae Sensitive zobiem un smagan\u0101m ar paaugstin\u0101tu jut\u012bbu<\/p>\n","protected":false},"excerpt":{"rendered":"<p>Zobu birste R.O.C.S.\u00ae Sensitive zobiem un smagan\u0101m ar paaugstin\u0101tu jut\u012bbu<\/p>\n","protected":false},"featured_media":37263,"template":"","meta":{"_et_pb_use_builder":"","_et_pb_old_content":"","_et_gb_content_width":""},"product_brand":[],"product_cat":[419],"product_tag":[],"class_list":{"0":"post-4766","1":"product","2":"type-product","3":"status-publish","4":"has-post-thumbnail","6":"product_cat-zobu-sukas-pieaugusajiem","8":"first","9":"instock","10":"taxable","11":"shipping-taxable","12":"purchasable","13":"product-type-simple"},"_links":{"self":[{"href":"https:\/\/online.rocs.eu\/lv\/wp-json\/wp\/v2\/product\/4766","targetHints":{"allow":["GET"]}}],"collection":[{"href":"https:\/\/online.rocs.eu\/lv\/wp-json\/wp\/v2\/product"}],"about":[{"href":"https:\/\/online.rocs.eu\/lv\/wp-json\/wp\/v2\/types\/product"}],"wp:featuredmedia":[{"embeddable":true,"href":"https:\/\/online.rocs.eu\/lv\/wp-json\/wp\/v2\/media\/37263"}],"wp:attachment":[{"href":"https:\/\/online.rocs.eu\/lv\/wp-json\/wp\/v2\/media?parent=4766"}],"wp:term":[{"taxonomy":"product_brand","embeddable":true,"href":"https:\/\/online.rocs.eu\/lv\/wp-json\/wp\/v2\/product_brand?post=4766"},{"taxonomy":"product_cat","embeddable":true,"href":"https:\/\/online.rocs.eu\/lv\/wp-json\/wp\/v2\/product_cat?post=4766"},{"taxonomy":"product_tag","embeddable":true,"href":"https:\/\/online.rocs.eu\/lv\/wp-json\/wp\/v2\/product_tag?post=4766"}],"curies":[{"name":"wp","href":"https:\/\/api.w.org\/{rel}","templated":true}]}}