{"id":4785,"date":"2022-03-31T09:23:09","date_gmt":"2022-03-31T07:23:09","guid":{"rendered":"https:\/\/online.rocs.eu\/catalog\/product\/zobu-birste-r-o-c-s-klasiska-miksta\/"},"modified":"2025-11-29T13:58:16","modified_gmt":"2025-11-29T11:58:16","slug":"zobu-birste-r-o-c-s-klasiska-miksta","status":"publish","type":"product","link":"https:\/\/online.rocs.eu\/lv\/catalog\/product\/zobu-birste-r-o-c-s-klasiska-miksta\/","title":{"rendered":"Zobu birste R.O.C.S.\u00ae Klasisk\u0101 m\u012bksta"},"content":{"rendered":"<p>Klasisk\u0101 zobu birste R.O.C.S.\u00ae pieaugu\u0161ajiem, m\u012bksta<\/p>\n","protected":false},"excerpt":{"rendered":"<p>Klasisk\u0101 zobu birste R.O.C.S.\u00ae pieaugu\u0161ajiem, m\u012bksta<\/p>\n","protected":false},"featured_media":36948,"template":"","meta":{"_et_pb_use_builder":"","_et_pb_old_content":"","_et_gb_content_width":""},"product_brand":[],"product_cat":[419],"product_tag":[],"class_list":{"0":"post-4785","1":"product","2":"type-product","3":"status-publish","4":"has-post-thumbnail","6":"product_cat-zobu-sukas-pieaugusajiem","8":"first","9":"instock","10":"taxable","11":"shipping-taxable","12":"purchasable","13":"product-type-simple"},"_links":{"self":[{"href":"https:\/\/online.rocs.eu\/lv\/wp-json\/wp\/v2\/product\/4785","targetHints":{"allow":["GET"]}}],"collection":[{"href":"https:\/\/online.rocs.eu\/lv\/wp-json\/wp\/v2\/product"}],"about":[{"href":"https:\/\/online.rocs.eu\/lv\/wp-json\/wp\/v2\/types\/product"}],"wp:featuredmedia":[{"embeddable":true,"href":"https:\/\/online.rocs.eu\/lv\/wp-json\/wp\/v2\/media\/36948"}],"wp:attachment":[{"href":"https:\/\/online.rocs.eu\/lv\/wp-json\/wp\/v2\/media?parent=4785"}],"wp:term":[{"taxonomy":"product_brand","embeddable":true,"href":"https:\/\/online.rocs.eu\/lv\/wp-json\/wp\/v2\/product_brand?post=4785"},{"taxonomy":"product_cat","embeddable":true,"href":"https:\/\/online.rocs.eu\/lv\/wp-json\/wp\/v2\/product_cat?post=4785"},{"taxonomy":"product_tag","embeddable":true,"href":"https:\/\/online.rocs.eu\/lv\/wp-json\/wp\/v2\/product_tag?post=4785"}],"curies":[{"name":"wp","href":"https:\/\/api.w.org\/{rel}","templated":true}]}}