{"id":4794,"date":"2022-03-14T09:31:12","date_gmt":"2022-03-14T07:31:12","guid":{"rendered":"https:\/\/online.rocs.eu\/catalog\/product\/zobu-birste-r-o-c-s-modela-videji-cieta\/"},"modified":"2023-07-11T13:20:06","modified_gmt":"2023-07-11T11:20:06","slug":"zobu-birste-r-o-c-s-modela-videji-cieta","status":"publish","type":"product","link":"https:\/\/online.rocs.eu\/lv\/catalog\/product\/zobu-birste-r-o-c-s-modela-videji-cieta\/","title":{"rendered":"Zobu birste R.O.C.S.\u00ae Mode\u013ca vid\u0113ji cieta"},"content":{"rendered":"<p>Mode\u013ca zobu birste R.O.C.S.\u00ae pieaugu\u0161ajiem, vid\u0113ji cieta<\/p>\n","protected":false},"excerpt":{"rendered":"<p>Mode\u013ca zobu birste R.O.C.S.\u00ae pieaugu\u0161ajiem, vid\u0113ji cieta<\/p>\n","protected":false},"featured_media":37143,"template":"","meta":{"_et_pb_use_builder":"","_et_pb_old_content":"","_et_gb_content_width":""},"product_brand":[],"product_cat":[419],"product_tag":[],"class_list":{"0":"post-4794","1":"product","2":"type-product","3":"status-publish","4":"has-post-thumbnail","6":"product_cat-zobu-sukas-pieaugusajiem","8":"first","9":"instock","10":"taxable","11":"shipping-taxable","12":"purchasable","13":"product-type-simple"},"_links":{"self":[{"href":"https:\/\/online.rocs.eu\/lv\/wp-json\/wp\/v2\/product\/4794","targetHints":{"allow":["GET"]}}],"collection":[{"href":"https:\/\/online.rocs.eu\/lv\/wp-json\/wp\/v2\/product"}],"about":[{"href":"https:\/\/online.rocs.eu\/lv\/wp-json\/wp\/v2\/types\/product"}],"wp:featuredmedia":[{"embeddable":true,"href":"https:\/\/online.rocs.eu\/lv\/wp-json\/wp\/v2\/media\/37143"}],"wp:attachment":[{"href":"https:\/\/online.rocs.eu\/lv\/wp-json\/wp\/v2\/media?parent=4794"}],"wp:term":[{"taxonomy":"product_brand","embeddable":true,"href":"https:\/\/online.rocs.eu\/lv\/wp-json\/wp\/v2\/product_brand?post=4794"},{"taxonomy":"product_cat","embeddable":true,"href":"https:\/\/online.rocs.eu\/lv\/wp-json\/wp\/v2\/product_cat?post=4794"},{"taxonomy":"product_tag","embeddable":true,"href":"https:\/\/online.rocs.eu\/lv\/wp-json\/wp\/v2\/product_tag?post=4794"}],"curies":[{"name":"wp","href":"https:\/\/api.w.org\/{rel}","templated":true}]}}