{"id":38966,"date":"2025-10-01T13:20:24","date_gmt":"2025-10-01T11:20:24","guid":{"rendered":"https:\/\/online.rocs.eu\/?page_id=38966"},"modified":"2025-10-01T14:25:22","modified_gmt":"2025-10-01T12:25:22","slug":"zubnye-shhetki","status":"publish","type":"page","link":"https:\/\/online.rocs.eu\/ru\/katalog\/zubnye-shhetki\/","title":{"rendered":"\u0417\u0443\u0431\u043d\u044b\u0435 \u0449\u0435\u0442\u043a\u0438"},"content":{"rendered":"<p>[et_pb_section fb_built=&#187;1&#8243; specialty=&#187;on&#187; _builder_version=&#187;4.16&#8243; _module_preset=&#187;default&#187; custom_padding=&#187;0px||0px||true|false&#187; global_colors_info=&#187;{}&#187;][et_pb_column type=&#187;1_4&#8243; _builder_version=&#187;4.16&#8243; custom_padding=&#187;|||&#187; global_colors_info=&#187;{}&#187; custom_padding__hover=&#187;|||&#187;][et_pb_sidebar disabled_on=&#187;on|off|off&#187; _builder_version=&#187;4.16&#8243; _module_preset=&#187;default&#187; global_colors_info=&#187;{}&#187;][\/et_pb_sidebar][\/et_pb_column][et_pb_column type=&#187;3_4&#8243; specialty_columns=&#187;3&#8243; _builder_version=&#187;4.16&#8243; custom_padding=&#187;|||&#187; global_colors_info=&#187;{}&#187; custom_padding__hover=&#187;|||&#187;][et_pb_row_inner _builder_version=&#187;4.16&#8243; _module_preset=&#187;default&#187; global_colors_info=&#187;{}&#187;][et_pb_column_inner saved_specialty_column_type=&#187;3_4&#8243; _builder_version=&#187;4.16&#8243; _module_preset=&#187;default&#187; global_colors_info=&#187;{}&#187;][et_pb_text _builder_version=&#187;4.27.4&#8243; _module_preset=&#187;default&#187; hover_enabled=&#187;0&#8243; global_colors_info=&#187;{}&#187; sticky_enabled=&#187;0&#8243;]<\/p>\n<h1>\u0417\u0443\u0431\u043d\u044b\u0435 \u0449\u0435\u0442\u043a\u0438<\/h1>\n<p>[\/et_pb_text][\/et_pb_column_inner][\/et_pb_row_inner][et_pb_row_inner column_structure=&#187;1_2,1_2&#8243; make_equal=&#187;on&#187; module_class=&#187;home-grid&#187; _builder_version=&#187;4.27.4&#8243; _module_preset=&#187;default&#187; width_tablet=&#187;80%&#187; width_phone=&#187;90%&#187; width_last_edited=&#187;off|desktop&#187; locked=&#187;off&#187; global_colors_info=&#187;{}&#187; custom_css_main_element_last_edited=&#187;on|phone&#187; custom_css_main_element_tablet=&#187;display: flex;&#187; custom_css_main_element_phone=&#187;display: block;&#187;][et_pb_column_inner type=&#187;1_2&#8243; saved_specialty_column_type=&#187;3_4&#8243; _builder_version=&#187;4.16&#8243; _module_preset=&#187;default&#187; box_shadow_style=&#187;preset1&#8243; global_colors_info=&#187;{}&#187;][et_pb_blurb title=&#187;\u0417\u0443\u0431\u043d\u044b\u0435 \u0449\u0435\u0442\u043a\u0438 \u0434\u043b\u044f \u0432\u0437\u0440\u043e\u0441\u043b\u044b\u0445&#187; image=&#187;https:\/\/online.rocs.eu\/wp-content\/uploads\/2025\/10\/tb_adult_1500.jpg&#187; admin_label=&#187;Adult toothbrushes&#187; _builder_version=&#187;4.27.4&#8243; _module_preset=&#187;default&#187; text_orientation=&#187;center&#187; animation=&#187;off&#187; link_option_url=&#187;https:\/\/online.rocs.eu\/ru\/katalog\/zubnye-shhetki-dlya-vzroslyh\/&#187; global_colors_info=&#187;{}&#187;][\/et_pb_blurb][\/et_pb_column_inner][et_pb_column_inner type=&#187;1_2&#8243; saved_specialty_column_type=&#187;3_4&#8243; _builder_version=&#187;4.16&#8243; _module_preset=&#187;default&#187; box_shadow_style=&#187;preset1&#8243; global_colors_info=&#187;{}&#187;][et_pb_blurb title=&#187;\u0417\u0443\u0431\u043d\u044b\u0435 \u0449\u0435\u0442\u043a\u0438 \u0434\u043b\u044f \u0434\u0435\u0442\u0435\u0439&#187; image=&#187;https:\/\/online.rocs.eu\/wp-content\/uploads\/2025\/10\/tb_baby_1500.jpg&#187; admin_label=&#187;Children toothbrushes&#187; _builder_version=&#187;4.27.4&#8243; _module_preset=&#187;default&#187; text_orientation=&#187;center&#187; animation=&#187;off&#187; link_option_url=&#187;https:\/\/online.rocs.eu\/ru\/katalog\/zubnye-shhetki-dlya-detej\/&#187; global_colors_info=&#187;{}&#187;][\/et_pb_blurb][\/et_pb_column_inner][\/et_pb_row_inner][\/et_pb_column][\/et_pb_section]<\/p>\n","protected":false},"excerpt":{"rendered":"<p>\u0417\u0443\u0431\u043d\u044b\u0435 \u0449\u0435\u0442\u043a\u0438<\/p>\n","protected":false},"author":2,"featured_media":0,"parent":4832,"menu_order":0,"comment_status":"closed","ping_status":"closed","template":"","meta":{"_et_pb_use_builder":"on","_et_pb_old_content":"[et_pb_section fb_built=\"1\" specialty=\"on\" _builder_version=\"4.16\" _module_preset=\"default\" custom_padding=\"0px||0px||true|false\" global_colors_info=\"{}\"][et_pb_column type=\"1_4\" _builder_version=\"4.16\" custom_padding=\"|||\" global_colors_info=\"{}\" custom_padding__hover=\"|||\"][et_pb_sidebar disabled_on=\"on|off|off\" _builder_version=\"4.16\" _module_preset=\"default\" global_colors_info=\"{}\"][\/et_pb_sidebar][\/et_pb_column][et_pb_column type=\"3_4\" specialty_columns=\"3\" _builder_version=\"4.16\" custom_padding=\"|||\" global_colors_info=\"{}\" custom_padding__hover=\"|||\"][et_pb_row_inner _builder_version=\"4.16\" _module_preset=\"default\" global_colors_info=\"{}\"][et_pb_column_inner saved_specialty_column_type=\"3_4\" _builder_version=\"4.16\" _module_preset=\"default\" global_colors_info=\"{}\"][et_pb_text _builder_version=\"4.27.4\" _module_preset=\"default\" hover_enabled=\"0\" global_colors_info=\"{}\" sticky_enabled=\"0\"]<h1>Dant\u0173 \u0161epet\u0117liai<\/h1>[\/et_pb_text][\/et_pb_column_inner][\/et_pb_row_inner][et_pb_row_inner column_structure=\"1_2,1_2\" make_equal=\"on\" module_class=\"home-grid\" _builder_version=\"4.27.4\" _module_preset=\"default\" width_tablet=\"80%\" width_phone=\"90%\" width_last_edited=\"off|desktop\" locked=\"off\" global_colors_info=\"{}\" custom_css_main_element_last_edited=\"on|phone\" custom_css_main_element_tablet=\"display: flex;\" custom_css_main_element_phone=\"display: block;\"][et_pb_column_inner type=\"1_2\" saved_specialty_column_type=\"3_4\" _builder_version=\"4.16\" _module_preset=\"default\" box_shadow_style=\"preset1\" global_colors_info=\"{}\"][et_pb_blurb title=\"Suaugusi\u0173j\u0173 dant\u0173 \u0161epet\u0117liai\" image=\"https:\/\/online.rocs.eu\/wp-content\/uploads\/2025\/10\/tb_adult_1500.jpg\" admin_label=\"Adult toothbrushes\" _builder_version=\"4.27.4\" _module_preset=\"default\" text_orientation=\"center\" animation=\"off\" link_option_url=\"https:\/\/online.rocs.eu\/lt\/katalogas\/suaugusiuju-dantu-sepeteliai\/\" hover_enabled=\"0\" global_colors_info=\"{}\" sticky_enabled=\"0\"][\/et_pb_blurb][\/et_pb_column_inner][et_pb_column_inner type=\"1_2\" saved_specialty_column_type=\"3_4\" _builder_version=\"4.16\" _module_preset=\"default\" box_shadow_style=\"preset1\" global_colors_info=\"{}\"][et_pb_blurb title=\"Vaiki\u0161ki dant\u0173 \u0161epet\u0117liai\" image=\"https:\/\/online.rocs.eu\/wp-content\/uploads\/2025\/10\/tb_baby_1500.jpg\" admin_label=\"Children toothbrushes\" _builder_version=\"4.27.4\" _module_preset=\"default\" text_orientation=\"center\" animation=\"off\" link_option_url=\"https:\/\/online.rocs.eu\/lt\/katalogas\/vaikiski-dantu-sepeteliai\/\" hover_enabled=\"0\" global_colors_info=\"{}\" sticky_enabled=\"0\"][\/et_pb_blurb][\/et_pb_column_inner][\/et_pb_row_inner][\/et_pb_column][\/et_pb_section]","_et_gb_content_width":"","footnotes":""},"class_list":["post-38966","page","type-page","status-publish","hentry"],"_links":{"self":[{"href":"https:\/\/online.rocs.eu\/ru\/wp-json\/wp\/v2\/pages\/38966","targetHints":{"allow":["GET"]}}],"collection":[{"href":"https:\/\/online.rocs.eu\/ru\/wp-json\/wp\/v2\/pages"}],"about":[{"href":"https:\/\/online.rocs.eu\/ru\/wp-json\/wp\/v2\/types\/page"}],"author":[{"embeddable":true,"href":"https:\/\/online.rocs.eu\/ru\/wp-json\/wp\/v2\/users\/2"}],"replies":[{"embeddable":true,"href":"https:\/\/online.rocs.eu\/ru\/wp-json\/wp\/v2\/comments?post=38966"}],"version-history":[{"count":3,"href":"https:\/\/online.rocs.eu\/ru\/wp-json\/wp\/v2\/pages\/38966\/revisions"}],"predecessor-version":[{"id":39041,"href":"https:\/\/online.rocs.eu\/ru\/wp-json\/wp\/v2\/pages\/38966\/revisions\/39041"}],"up":[{"embeddable":true,"href":"https:\/\/online.rocs.eu\/ru\/wp-json\/wp\/v2\/pages\/4832"}],"wp:attachment":[{"href":"https:\/\/online.rocs.eu\/ru\/wp-json\/wp\/v2\/media?parent=38966"}],"curies":[{"name":"wp","href":"https:\/\/api.w.org\/{rel}","templated":true}]}}